{"id":7366,"date":"2015-11-18T08:37:53","date_gmt":"2015-11-18T08:37:53","guid":{"rendered":"http:\/\/interior-design.cmsmasters.net\/?page_id=7366"},"modified":"2026-02-15T12:12:59","modified_gmt":"2026-02-15T09:12:59","slug":"home-store","status":"publish","type":"page","link":"https:\/\/businesslife-bakirkoy.com\/","title":{"rendered":"Home"},"content":{"rendered":"<div id=\"cmsmasters_row_31aa9cc3b8\" class=\"cmsmasters_row cmsmasters_color_scheme_default cmsmasters_row_top_default cmsmasters_row_bot_default cmsmasters_row_fullwidth\">\n<div class=\"cmsmasters_row_outer_parent\">\n<div class=\"cmsmasters_row_outer\">\n<div class=\"cmsmasters_row_inner cmsmasters_row_fullwidth\">\n<div class=\"cmsmasters_row_margin\">\n<div id=\"cmsmasters_column_7930e4e65e\" class=\"cmsmasters_column one_first\">\n<div class=\"cmsmasters_column_inner\">\n<div class=\"cmsmasters_slider\">\n\t\t\t<!-- START homepg REVOLUTION SLIDER 6.5.31 --><p class=\"rs-p-wp-fix\"><\/p>\n\t\t\t<rs-module-wrap id=\"rev_slider_13_1_wrapper\" data-source=\"gallery\" style=\"visibility:hidden;background:transparent;padding:0;margin:0px auto;margin-top:0;margin-bottom:0;\">\n\t\t\t\t<rs-module id=\"rev_slider_13_1\" style=\"\" data-version=\"6.5.31\">\n\t\t\t\t\t<rs-slides>\n\t\t\t\t\t\t<rs-slide style=\"position: absolute;\" data-key=\"rs-69\" data-title=\"Slide\" data-anim=\"d:5;ms:1000ms;\" data-filter=\"b:2;\" data-in=\"o:0;x:(-20%);y:(-20%);sx:1.5;sy:1.5;m:true;row:6;\">\n\t\t\t\t\t\t\t<img src=\"\/\/businesslife-bakirkoy.com\/wp-content\/plugins\/revslider\/public\/assets\/assets\/dummy.png\" alt=\"\" title=\"anabina\" width=\"2560\" height=\"1354\" class=\"rev-slidebg tp-rs-img rs-lazyload\" data-lazyload=\"\/\/businesslife-bakirkoy.com\/wp-content\/uploads\/2023\/08\/anabina-scaled.jpg\" data-no-retina>\n<!---->\t\t\t\t\t\t<\/rs-slide>\n\t\t\t\t\t\t<rs-slide style=\"position: absolute;\" data-key=\"rs-70\" data-title=\"Slide\" data-anim=\"d:5;ms:1000ms;\" data-filter=\"b:2;\" data-in=\"o:0;x:(-20%);y:(-20%);sx:1.5;sy:1.5;m:true;row:6;\">\n\t\t\t\t\t\t\t<img src=\"\/\/businesslife-bakirkoy.com\/wp-content\/plugins\/revslider\/public\/assets\/assets\/dummy.png\" alt=\"\" title=\"DSC00277a\" width=\"1024\" height=\"683\" class=\"rev-slidebg tp-rs-img rs-lazyload\" data-lazyload=\"\/\/businesslife-bakirkoy.com\/wp-content\/uploads\/2023\/08\/DSC00277a.jpg\" data-no-retina>\n<!---->\t\t\t\t\t\t<\/rs-slide>\n\t\t\t\t\t\t<rs-slide style=\"position: absolute;\" data-key=\"rs-71\" data-title=\"Slide\" data-anim=\"d:5;ms:1000ms;\" data-filter=\"b:2;\" data-in=\"o:0;x:(-20%);y:(-20%);sx:1.5;sy:1.5;m:true;row:6;\">\n\t\t\t\t\t\t\t<img src=\"\/\/businesslife-bakirkoy.com\/wp-content\/plugins\/revslider\/public\/assets\/assets\/dummy.png\" alt=\"\" title=\"DSC00269\" width=\"2560\" height=\"1707\" class=\"rev-slidebg tp-rs-img rs-lazyload\" data-lazyload=\"\/\/businesslife-bakirkoy.com\/wp-content\/uploads\/2023\/08\/DSC00269-scaled.jpg\" data-no-retina>\n<!---->\t\t\t\t\t\t<\/rs-slide>\n\t\t\t\t\t\t<rs-slide style=\"position: absolute;\" data-key=\"rs-72\" data-title=\"Slide\" data-anim=\"d:5;ms:1000ms;\" data-filter=\"b:2;\" data-in=\"o:0;x:(-20%);y:(-20%);sx:1.5;sy:1.5;m:true;row:6;\">\n\t\t\t\t\t\t\t<img src=\"\/\/businesslife-bakirkoy.com\/wp-content\/plugins\/revslider\/public\/assets\/assets\/dummy.png\" alt=\"\" title=\"DSC00265a\" width=\"2400\" height=\"1600\" class=\"rev-slidebg tp-rs-img rs-lazyload\" data-lazyload=\"\/\/businesslife-bakirkoy.com\/wp-content\/uploads\/2023\/08\/DSC00265a.jpg\" data-no-retina>\n<!---->\t\t\t\t\t\t<\/rs-slide>\n\t\t\t\t\t\t<rs-slide style=\"position: absolute;\" data-key=\"rs-73\" data-title=\"Slide\" data-anim=\"d:5;ms:1000ms;\" data-filter=\"b:2;\" data-in=\"o:0;x:(-20%);y:(-20%);sx:1.5;sy:1.5;m:true;row:6;\">\n\t\t\t\t\t\t\t<img src=\"\/\/businesslife-bakirkoy.com\/wp-content\/plugins\/revslider\/public\/assets\/assets\/dummy.png\" alt=\"\" title=\"WhatsApp Image 2023-08-15 at 12.43.28\" width=\"1600\" height=\"1066\" class=\"rev-slidebg tp-rs-img rs-lazyload\" data-lazyload=\"\/\/businesslife-bakirkoy.com\/wp-content\/uploads\/2023\/08\/WhatsApp-Image-2023-08-15-at-12.43.28.jpeg\" data-no-retina>\n<!---->\t\t\t\t\t\t<\/rs-slide>\n\t\t\t\t\t<\/rs-slides>\n\t\t\t\t<\/rs-module>\n\t\t\t\t<script>\n\t\t\t\t\tsetREVStartSize({c: 'rev_slider_13_1',rl:[1240,1024,778,480],el:[900],gw:[1240],gh:[900],type:'standard',justify:'',layout:'fullwidth',mh:\"0\"});if (window.RS_MODULES!==undefined && window.RS_MODULES.modules!==undefined && window.RS_MODULES.modules[\"revslider131\"]!==undefined) {window.RS_MODULES.modules[\"revslider131\"].once = false;window.revapi13 = undefined;if (window.RS_MODULES.checkMinimal!==undefined) window.RS_MODULES.checkMinimal()}\n\t\t\t\t<\/script>\n\t\t\t<\/rs-module-wrap>\n\t\t\t<!-- END REVOLUTION SLIDER -->\n<\/div>\n<div class=\"cmsmasters_audio\">\n<!--[if lt IE 9]><script>document.createElement('audio');<\/script><![endif]-->\n<audio class=\"wp-audio-shortcode\" id=\"audio-7366-1\" autoplay=\"1\" preload=\"metadata\" style=\"width: 100%;\" controls=\"controls\"><source type=\"audio\/mpeg\" src=\"https:\/\/businesslife-bakirkoy.com\/wp-content\/uploads\/2023\/10\/tunetank.com_6525_epinephrine_by_ahoami.mp3?_=1\" \/><a href=\"https:\/\/businesslife-bakirkoy.com\/wp-content\/uploads\/2023\/10\/tunetank.com_6525_epinephrine_by_ahoami.mp3\">https:\/\/businesslife-bakirkoy.com\/wp-content\/uploads\/2023\/10\/tunetank.com_6525_epinephrine_by_ahoami.mp3<\/a><\/audio><\/div>\n<\/div><\/div>\n<\/div>\n<\/div>\n<\/div>\n<\/div>\n<\/div>\n<div id=\"cmsmasters_row_as343aa7u\" class=\"cmsmasters_row cmsmasters_color_scheme_default cmsmasters_row_top_default cmsmasters_row_bot_default cmsmasters_row_boxed\">\n<div class=\"cmsmasters_row_outer_parent\">\n<div class=\"cmsmasters_row_outer\">\n<div class=\"cmsmasters_row_inner\">\n<div class=\"cmsmasters_row_margin\">\n<div id=\"cmsmasters_column_5de9x5oxfl\" class=\"cmsmasters_column one_first\">\n<div class=\"cmsmasters_column_inner\"><div id=\"cmsmasters_heading_uugfiw1mqo\" class=\"cmsmasters_heading_wrap cmsmasters_heading_align_center\">\n\t<h2 class=\"cmsmasters_heading\"><\/h2>\n<\/div>\n<\/div><\/div>\n<\/div>\n<\/div>\n<\/div>\n<\/div>\n<\/div>\n<div id=\"cmsmasters_row_4230c492f5\" class=\"cmsmasters_row cmsmasters_color_scheme_default cmsmasters_row_top_default cmsmasters_row_bot_default cmsmasters_row_boxed\">\n<div class=\"cmsmasters_row_outer_parent\">\n<div class=\"cmsmasters_row_outer\">\n<div class=\"cmsmasters_row_inner\">\n<div class=\"cmsmasters_row_margin\">\n<div id=\"cmsmasters_column_e4fa23546d\" class=\"cmsmasters_column one_first\">\n<div class=\"cmsmasters_column_inner\"><div id=\"cmsmasters_heading_ox0tzcwu8\" class=\"cmsmasters_heading_wrap cmsmasters_heading_align_center\">\n\t<h2 class=\"cmsmasters_heading\">BUSINESS LIFE BAKIRK\u00d6Y\u2018 e HO\u015eGELD\u0130N\u0130Z<\/h2>\n<\/div><div id=\"cmsmasters_fb_0sjsffbwbm\" class=\"cmsmasters_featured_block\">\n<div class=\"featured_block_inner\">\n<div class=\"featured_block_text\">\n<div class=\"fusion-title title fusion-title-5 fusion-title-text fusion-title-size-two\">\n<p id=\"cmsmasters_heading_821x9y7t5d\" class=\"cmsmasters_heading_wrap cmsmasters_heading_align_center\" style=\"text-align: center;\">Otelimiz Bak\u0131rk\u00f6y sahil b\u00f6lgesinde, \u015fehrin bir\u00e7ok k\u00fclt\u00fcrel mekan\u0131na k\u0131sa mesafede, al\u0131\u015f veri\u015f merkezlerine,<br \/>\n\u00e7ar\u015f\u0131 ve ula\u015f\u0131m ara\u00e7lar\u0131na ise ,y\u00fcr\u00fcme mesafesinde yer almaktad\u0131r.<br \/>\nOtelde 8 Suit, 6 executive olmak \u00fczere toplam 45 oda bulunmaktad\u0131r.<br \/>\nHem i\u015f hem tatil yapabilmek i\u00e7in ideal bir b\u00f6lgededir. Ayr\u0131ca Fuar merkezlerine ve havaalanlar\u0131na rahatl\u0131kla ula\u015f\u0131m sa\u011flanabilmektedir.<br \/>\n15 ki\u015fiye kadar olan toplant\u0131lar\u0131n\u0131zda sizlere hizmet verebilmekteyiz.<br \/>\nKahvalt\u0131 servisi i\u00e7in Life Cafe de hizmet sunmaktay\u0131z.<br \/>\nOtel ayr\u0131ca T\u00fcrk Hamam\u0131, \u00c7iftler i\u00e7in masaj odas\u0131 ve buhar odas\u0131 ile hizmet veren bir spa sunmaktad\u0131r.<\/p>\n<\/div>\n<p style=\"text-align: center;\"><span style=\"color: #6a6a6a; font-size: 20px; line-height: 28px;\">\u00a0<\/span><\/p>\n\n<\/div>\n<\/div>\n<\/div>\n<\/div><\/div>\n<\/div>\n<\/div>\n<\/div>\n<\/div>\n<\/div>\n<div id=\"cmsmasters_row_54c9a92b73\" class=\"cmsmasters_row cmsmasters_color_scheme_default cmsmasters_row_top_default cmsmasters_row_bot_default cmsmasters_row_boxed\">\n<div class=\"cmsmasters_row_outer_parent\">\n<div class=\"cmsmasters_row_outer\">\n<div class=\"cmsmasters_row_inner\">\n<div class=\"cmsmasters_row_margin\">\n<div id=\"cmsmasters_column_f02afc2ab8\" class=\"cmsmasters_column one_third\">\n<div class=\"cmsmasters_column_inner\"><div id=\"cmsmasters_fb_2c4ebef079\" class=\"cmsmasters_featured_block\">\n<a href=\"https:\/\/tr.wikipedia.org\/wiki\/Rumeli_Hisar%C4%B1\" class=\"featured_block_link\" target=\"_blank\"><\/a><div class=\"featured_block_inner\">\n<div class=\"featured_block_text\"><\/div>\n<\/div>\n<\/div>\n<\/div><\/div>\n<div id=\"cmsmasters_column_2545d07583\" class=\"cmsmasters_column one_third\">\n<div class=\"cmsmasters_column_inner\"><div id=\"cmsmasters_fb_30f462d812\" class=\"cmsmasters_featured_block\">\n<a href=\"https:\/\/tr.wikipedia.org\/wiki\/Kapal%C4%B1%C3%A7ar%C5%9F%C4%B1\" class=\"featured_block_link\" target=\"_blank\"><\/a><div class=\"featured_block_inner\">\n<div class=\"featured_block_text\"><\/div>\n<\/div>\n<\/div>\n<\/div><\/div>\n<div id=\"cmsmasters_column_6f32b8b304\" class=\"cmsmasters_column one_third\">\n<div class=\"cmsmasters_column_inner\"><div id=\"cmsmasters_fb_008a6884c4\" class=\"cmsmasters_featured_block\">\n<a href=\"https:\/\/tr.wikipedia.org\/wiki\/Ayasofya\" class=\"featured_block_link\" target=\"_blank\"><\/a><div class=\"featured_block_inner\">\n<div class=\"featured_block_text\"><\/div>\n<\/div>\n<\/div>\n<\/div><\/div>\n<\/div>\n<\/div>\n<\/div>\n<\/div>\n<\/div>\n<div id=\"cmsmasters_row_7c21fffe28\" class=\"cmsmasters_row cmsmasters_color_scheme_default cmsmasters_row_top_default cmsmasters_row_bot_default cmsmasters_row_boxed\">\n<div class=\"cmsmasters_row_outer_parent\">\n<div class=\"cmsmasters_row_outer\">\n<div class=\"cmsmasters_row_inner\">\n<div class=\"cmsmasters_row_margin\">\n<div id=\"cmsmasters_column_a318012580\" class=\"cmsmasters_column one_first\">\n<div class=\"cmsmasters_column_inner\"><div id=\"cmsmasters_heading_4dc8f85b10\" class=\"cmsmasters_heading_wrap cmsmasters_heading_align_center\">\n\t<h3 class=\"cmsmasters_heading\">ODALAR VE SUITLER<\/h3>\n<\/div>\n<div class=\"cmsmasters_slider\">\n\t\t\t<!-- START odalar5 REVOLUTION SLIDER 6.5.31 --><p class=\"rs-p-wp-fix\"><\/p>\n\t\t\t<rs-module-wrap id=\"rev_slider_12_2_wrapper\" data-source=\"gallery\" style=\"visibility:hidden;background:transparent;padding:0;margin:0px auto;margin-top:0;margin-bottom:0;\">\n\t\t\t\t<rs-module id=\"rev_slider_12_2\" style=\"\" data-version=\"6.5.31\">\n\t\t\t\t\t<rs-slides>\n\t\t\t\t\t\t<rs-slide style=\"position: absolute;\" data-key=\"rs-63\" data-title=\"Slide\" data-thumb=\"\/\/businesslife-bakirkoy.com\/wp-content\/uploads\/2023\/08\/executive-layer1-50x100.jpg\" data-anim=\"d:10;ms:1000ms;f:slidebased;\" data-in=\"o:1;y:(100%);m:true;col:5;\">\n\t\t\t\t\t\t\t<img src=\"\/\/businesslife-bakirkoy.com\/wp-content\/plugins\/revslider\/public\/assets\/assets\/dummy.png\" alt=\"\" title=\"executive-layer1\" width=\"1600\" height=\"1067\" class=\"rev-slidebg tp-rs-img rs-lazyload\" data-lazyload=\"\/\/businesslife-bakirkoy.com\/wp-content\/uploads\/2023\/08\/executive-layer1.jpg\" data-bg=\"f:contain;\" data-no-retina>\n<!---->\t\t\t\t\t\t<\/rs-slide>\n\t\t\t\t\t\t<rs-slide style=\"position: absolute;\" data-key=\"rs-67\" data-title=\"Slide\" data-thumb=\"\/\/businesslife-bakirkoy.com\/wp-content\/uploads\/2023\/08\/deluxe-layer11-50x100.jpg\" data-anim=\"d:10;f:slidebased;\" data-in=\"o:1;y:cyc(100%|-100%);m:true;col:8;\">\n\t\t\t\t\t\t\t<img src=\"\/\/businesslife-bakirkoy.com\/wp-content\/plugins\/revslider\/public\/assets\/assets\/dummy.png\" alt=\"\" title=\"deluxe-layer1+1\" width=\"1600\" height=\"1067\" class=\"rev-slidebg tp-rs-img rs-lazyload\" data-lazyload=\"\/\/businesslife-bakirkoy.com\/wp-content\/uploads\/2023\/08\/deluxe-layer11.jpg\" data-bg=\"f:contain;\" data-no-retina>\n<!---->\t\t\t\t\t\t<\/rs-slide>\n\t\t\t\t\t\t<rs-slide style=\"position: absolute;\" data-key=\"rs-64\" data-title=\"Slide\" data-thumb=\"\/\/businesslife-bakirkoy.com\/wp-content\/uploads\/2023\/09\/DSC00235C-50x100.jpg\" data-anim=\"f:slidebased;\" data-in=\"o:1;y:cyc(100%|-100%);m:true;col:8;\">\n\t\t\t\t\t\t\t<img src=\"\/\/businesslife-bakirkoy.com\/wp-content\/plugins\/revslider\/public\/assets\/assets\/dummy.png\" alt=\"\" title=\"DSC00235C\" width=\"1600\" height=\"1067\" class=\"rev-slidebg tp-rs-img rs-lazyload\" data-lazyload=\"\/\/businesslife-bakirkoy.com\/wp-content\/uploads\/2023\/09\/DSC00235C.jpg\" data-bg=\"f:contain;\" data-no-retina>\n<!---->\t\t\t\t\t\t<\/rs-slide>\n\t\t\t\t\t\t<rs-slide style=\"position: absolute;\" data-key=\"rs-65\" data-title=\"Slide\" data-thumb=\"\/\/businesslife-bakirkoy.com\/wp-content\/uploads\/2023\/08\/standart-layer-1-50x100.jpg\" data-anim=\"d:10;f:slidebased;\" data-in=\"o:1;y:(100%);m:true;col:5;\">\n\t\t\t\t\t\t\t<img src=\"\/\/businesslife-bakirkoy.com\/wp-content\/plugins\/revslider\/public\/assets\/assets\/dummy.png\" alt=\"\" title=\"standart-layer-1\" width=\"1600\" height=\"1067\" class=\"rev-slidebg tp-rs-img rs-lazyload\" data-lazyload=\"\/\/businesslife-bakirkoy.com\/wp-content\/uploads\/2023\/08\/standart-layer-1.jpg\" data-bg=\"f:contain;\" data-no-retina>\n<!---->\t\t\t\t\t\t<\/rs-slide>\n\t\t\t\t\t\t<rs-slide style=\"position: absolute;\" data-key=\"rs-68\" data-title=\"Slide\" data-thumb=\"\/\/businesslife-bakirkoy.com\/wp-content\/uploads\/2023\/09\/DSC00226C-50x100.jpg\" data-anim=\"f:slidebased;\" data-in=\"o:1;y:cyc(100%|-100%);m:true;col:8;\">\n\t\t\t\t\t\t\t<img src=\"\/\/businesslife-bakirkoy.com\/wp-content\/plugins\/revslider\/public\/assets\/assets\/dummy.png\" alt=\"\" title=\"DSC00226C\" width=\"1600\" height=\"1067\" class=\"rev-slidebg tp-rs-img rs-lazyload\" data-lazyload=\"\/\/businesslife-bakirkoy.com\/wp-content\/uploads\/2023\/09\/DSC00226C.jpg\" data-bg=\"f:contain;\" data-no-retina>\n<!---->\t\t\t\t\t\t<\/rs-slide>\n\t\t\t\t\t<\/rs-slides>\n\t\t\t\t<\/rs-module>\n\t\t\t\t<script>\n\t\t\t\t\tsetREVStartSize({c: 'rev_slider_12_2',rl:[1240,1024,778,480],el:[900,768,960,720],gw:[1240,1024,778,480],gh:[900,768,960,720],type:'standard',justify:'',layout:'fullwidth',mh:\"0\"});if (window.RS_MODULES!==undefined && window.RS_MODULES.modules!==undefined && window.RS_MODULES.modules[\"revslider122\"]!==undefined) {window.RS_MODULES.modules[\"revslider122\"].once = false;window.revapi12 = undefined;if (window.RS_MODULES.checkMinimal!==undefined) window.RS_MODULES.checkMinimal()}\n\t\t\t\t<\/script>\n\t\t\t<\/rs-module-wrap>\n\t\t\t<!-- END REVOLUTION SLIDER -->\n<\/div>\n<\/div><\/div>\n<\/div>\n<\/div>\n<\/div>\n<\/div>\n<\/div>\n<div id=\"cmsmasters_row_41e40f680c\" class=\"cmsmasters_row cmsmasters_color_scheme_default cmsmasters_row_top_default cmsmasters_row_bot_default cmsmasters_row_boxed\">\n<div class=\"cmsmasters_row_outer_parent\">\n<div class=\"cmsmasters_row_outer\">\n<div class=\"cmsmasters_row_inner cmsmasters_row_no_margin\">\n<div class=\"cmsmasters_row_margin\">\n<div id=\"cmsmasters_column_de276ee1f7\" class=\"cmsmasters_column one_fourth\">\n<div class=\"cmsmasters_column_inner\"><div id=\"cmsmasters_fb_ef07ee5e3c\" class=\"cmsmasters_featured_block\">\n<div class=\"featured_block_inner\">\n<div class=\"featured_block_text\">\n<h4 class=\"m_8243996619508742853MsoListParagraph\"><strong><span style=\"vertical-align: inherit;\"><span style=\"vertical-align: inherit;\"><span style=\"vertical-align: inherit;\"><span style=\"vertical-align: inherit;\"><span style=\"vertical-align: inherit;\"><span style=\"vertical-align: inherit;\"><span style=\"vertical-align: inherit;\"><span style=\"vertical-align: inherit;\"><span style=\"vertical-align: inherit;\"><span style=\"vertical-align: inherit;\"><span style=\"vertical-align: inherit;\"><span style=\"vertical-align: inherit;\"><span style=\"vertical-align: inherit;\"><span style=\"vertical-align: inherit;\"><span style=\"vertical-align: inherit;\"><span style=\"vertical-align: inherit;\">YEME &amp; \u0130\u00c7ME<\/span><\/span><\/span><\/span><\/span><\/span><\/span><\/span><\/span><\/span><\/span><\/span><\/span><\/span><\/span><\/span><\/strong><u><\/u><\/h4>\n<p class=\"m_8243996619508742853MsoListParagraph\"><span style=\"vertical-align: inherit;\"><span style=\"vertical-align: inherit;\"><span style=\"vertical-align: inherit;\"><span style=\"vertical-align: inherit;\"><span style=\"vertical-align: inherit;\"><span style=\"vertical-align: inherit;\"><span style=\"vertical-align: inherit;\"><span style=\"vertical-align: inherit;\"><span style=\"vertical-align: inherit;\"><span style=\"vertical-align: inherit;\"><span style=\"vertical-align: inherit;\"><span style=\"vertical-align: inherit;\"><span style=\"vertical-align: inherit;\"><span style=\"vertical-align: inherit;\"><span style=\"vertical-align: inherit;\"><span style=\"vertical-align: inherit;\">Life Cafe de G\u00fcne Lezzetli Bir Ba\u015flang\u0131\u00e7<\/span><\/span><\/span><\/span><\/span><\/span><\/span><\/span><\/span><\/span><\/span><\/span><\/span><\/span><\/span><\/span><u><\/u><u><\/u><\/p>\n<p class=\"m_8243996619508742853MsoListParagraph\"><span style=\"vertical-align: inherit;\"><span style=\"vertical-align: inherit;\"><span style=\"vertical-align: inherit;\"><span style=\"vertical-align: inherit;\"><span style=\"vertical-align: inherit;\"><span style=\"vertical-align: inherit;\"><span style=\"vertical-align: inherit;\"><span style=\"vertical-align: inherit;\"><span style=\"vertical-align: inherit;\"><span style=\"vertical-align: inherit;\"><span style=\"vertical-align: inherit;\"><span style=\"vertical-align: inherit;\"><span style=\"vertical-align: inherit;\"><span style=\"vertical-align: inherit;\"><span style=\"vertical-align: inherit;\"><span style=\"vertical-align: inherit;\">\u0130\u015f Hayat\u0131 Otelleri&#8217;nin T\u00fcrk mutfa\u011f\u0131ndan i\u00e7 lezzetleri ile tat katmaya haz\u0131r.<\/span><\/span><\/span><\/span><\/span><\/span><\/span><\/span><\/span><\/span><\/span><\/span><\/span><\/span><\/span><\/span><u><\/u><u><\/u><\/p>\n<p class=\"m_8243996619508742853MsoListParagraph\"><span style=\"vertical-align: inherit;\"><span style=\"vertical-align: inherit;\"><span style=\"vertical-align: inherit;\"><span style=\"vertical-align: inherit;\"><span style=\"vertical-align: inherit;\"><span style=\"vertical-align: inherit;\"><span style=\"vertical-align: inherit;\"><span style=\"vertical-align: inherit;\"><span style=\"vertical-align: inherit;\"><span style=\"vertical-align: inherit;\"><span style=\"vertical-align: inherit;\"><span style=\"vertical-align: inherit;\"><span style=\"vertical-align: inherit;\"><span style=\"vertical-align: inherit;\"><span style=\"vertical-align: inherit;\"><span style=\"vertical-align: inherit;\">07:00-10:00 saatleri aras\u0131nda servis edilen sa\u011fl\u0131kl\u0131 ve tazeli a\u00e7\u0131k b\u00fcfe kahvalt\u0131 b\u00fcfesi ile konuklar\u0131n\u0131 g\u00fcne\u015fe haz\u0131rlamaktad\u0131r.<\/span><\/span><\/span><\/span><\/span><\/span><\/span><\/span><\/span><\/span><\/span><\/span><\/span><\/span><\/span><\/span><\/p>\n\n<\/div>\n<\/div>\n<\/div>\n<\/div><\/div>\n<div id=\"cmsmasters_column_5bd3d48633\" class=\"cmsmasters_column one_fourth\">\n<div class=\"cmsmasters_column_inner\"><div id=\"cmsmasters_fb_e81afc63a2\" class=\"cmsmasters_featured_block\">\n<div class=\"featured_block_inner\">\n<div class=\"featured_block_text\"><\/div>\n<\/div>\n<\/div>\n<div id=\"cmsmasters_divider_lpvxhkp4vr\" class=\"cmsmasters_divider cmsmasters_divider_width_long cmsmasters_divider_pos_center\"><\/div>\n<\/div><\/div>\n<div id=\"cmsmasters_column_6b1becd0fb\" class=\"cmsmasters_column one_fourth\">\n<div class=\"cmsmasters_column_inner\"><div id=\"cmsmasters_fb_659c48ffe6\" class=\"cmsmasters_featured_block\">\n<div class=\"featured_block_inner\">\n<div class=\"featured_block_text\"><\/div>\n<\/div>\n<\/div>\n<div id=\"cmsmasters_divider_uceud4pgve\" class=\"cmsmasters_divider cmsmasters_divider_width_long cmsmasters_divider_pos_center\"><\/div>\n<\/div><\/div>\n<div id=\"cmsmasters_column_458e72cdbb\" class=\"cmsmasters_column one_fourth\">\n<div class=\"cmsmasters_column_inner\"><div id=\"cmsmasters_fb_725e32fff3\" class=\"cmsmasters_featured_block\">\n<div class=\"featured_block_inner\">\n<div class=\"featured_block_text\"><\/div>\n<\/div>\n<\/div>\n<div id=\"cmsmasters_divider_80y2ntoyc\" class=\"cmsmasters_divider cmsmasters_divider_width_long cmsmasters_divider_pos_center\"><\/div>\n<\/div><\/div>\n<\/div>\n<\/div>\n<\/div>\n<\/div>\n<\/div>\n<div id=\"cmsmasters_row_c0a6e04ffc\" class=\"cmsmasters_row cmsmasters_color_scheme_default cmsmasters_row_top_default cmsmasters_row_bot_default cmsmasters_row_boxed\">\n<div class=\"cmsmasters_row_outer_parent\">\n<div class=\"cmsmasters_row_outer\">\n<div class=\"cmsmasters_row_inner\">\n<div class=\"cmsmasters_row_margin\">\n<div id=\"cmsmasters_column_9f95365fd2\" class=\"cmsmasters_column one_first\">\n<div class=\"cmsmasters_column_inner\"><div id=\"cmsmasters_heading_9bee934291\" class=\"cmsmasters_heading_wrap cmsmasters_heading_align_center\">\n\t<h3 class=\"cmsmasters_heading\"><\/h3>\n<\/div>\n<\/div><\/div>\n<\/div>\n<\/div>\n<\/div>\n<\/div>\n<\/div>\n<div id=\"cmsmasters_row_u16j54ians\" class=\"cmsmasters_row cmsmasters_color_scheme_default cmsmasters_row_top_default cmsmasters_row_bot_default cmsmasters_row_boxed\">\n<div class=\"cmsmasters_row_outer_parent\">\n<div class=\"cmsmasters_row_outer\">\n<div class=\"cmsmasters_row_inner cmsmasters_row_no_margin\">\n<div class=\"cmsmasters_row_margin\">\n<div id=\"cmsmasters_column_ytdpv5xrm5\" class=\"cmsmasters_column one_fourth\">\n<div class=\"cmsmasters_column_inner\"><div id=\"cmsmasters_fb_680b6slgz7\" class=\"cmsmasters_featured_block\">\n<div class=\"featured_block_inner\">\n<div class=\"featured_block_text\">\n<h4 class=\"m_8243996619508742853MsoListParagraph\"><strong>TOPLANTI\u00a0<\/strong><u><\/u><\/h4>\n<p class=\"m_8243996619508742853MsoListParagraph\">Business Life Hotel Bak\u0131rk\u00f6y konumu itibariyle i\u015f ya\u015fam\u0131n\u0131n, seminer ve kongrelerin tam da merkezinde!<\/p>\n<p>18 ki\u015fiye kadar olan t\u00fcm i\u015f etkinliklerinizde toplant\u0131 salonumuz hizmetinizdedir.<\/p>\n<p>&nbsp;<\/p>\n\n<\/div>\n<\/div>\n<\/div>\n<\/div><\/div>\n<div id=\"cmsmasters_column_lw8vnza1ss\" class=\"cmsmasters_column one_fourth\">\n<div class=\"cmsmasters_column_inner\"><div id=\"cmsmasters_fb_jostow925i\" class=\"cmsmasters_featured_block\">\n<div class=\"featured_block_inner\">\n<div class=\"featured_block_text\"><\/div>\n<\/div>\n<\/div>\n<div id=\"cmsmasters_divider_j1lcu8s5i\" class=\"cmsmasters_divider cmsmasters_divider_width_long cmsmasters_divider_pos_center\"><\/div>\n<\/div><\/div>\n<div id=\"cmsmasters_column_hz4xd78qw\" class=\"cmsmasters_column one_fourth\">\n<div class=\"cmsmasters_column_inner\"><div id=\"cmsmasters_fb_026o6sbcer\" class=\"cmsmasters_featured_block\">\n<div class=\"featured_block_inner\">\n<div class=\"featured_block_text\"><\/div>\n<\/div>\n<\/div>\n<div id=\"cmsmasters_divider_d460hjez3g\" class=\"cmsmasters_divider cmsmasters_divider_width_long cmsmasters_divider_pos_center\"><\/div>\n<\/div><\/div>\n<div id=\"cmsmasters_column_r98pwdfcw\" class=\"cmsmasters_column one_fourth\">\n<div class=\"cmsmasters_column_inner\"><div id=\"cmsmasters_fb_ta40k5nw2o\" class=\"cmsmasters_featured_block\">\n<div class=\"featured_block_inner\">\n<div class=\"featured_block_text\"><\/div>\n<\/div>\n<\/div>\n<div id=\"cmsmasters_divider_dbpj5wyeg\" class=\"cmsmasters_divider cmsmasters_divider_width_long cmsmasters_divider_pos_center\"><\/div>\n<\/div><\/div>\n<\/div>\n<\/div>\n<\/div>\n<\/div>\n<\/div>\n<div id=\"cmsmasters_row_1b8c6e768d\" class=\"cmsmasters_row cmsmasters_color_scheme_default cmsmasters_row_top_default cmsmasters_row_bot_default cmsmasters_row_boxed\">\n<div class=\"cmsmasters_row_outer_parent\">\n<div class=\"cmsmasters_row_outer\">\n<div class=\"cmsmasters_row_inner\">\n<div class=\"cmsmasters_row_margin\">\n<div id=\"cmsmasters_column_150d09df36\" class=\"cmsmasters_column one_first\">\n<div class=\"cmsmasters_column_inner\"><div class=\"cmsmasters_clients_grid_wrap\">\n<div id=\"cmsmasters_clients_9c2138fda3\" class=\"cmsmasters_clients_grid clients_five\">\n<div class=\"cmsmasters_clients_items slides\">\n<div class=\"cmsmasters_clients_item item\"><img src=\"https:\/\/businesslife-bakirkoy.com\/wp-content\/uploads\/2023\/08\/bakirkoy-logo-sml.png\" alt=\"Hotel Awards\" title=\"Hotel Awards\" \/><\/div><div class=\"cmsmasters_clients_item item\"><img src=\"https:\/\/businesslife-bakirkoy.com\/wp-content\/uploads\/2023\/08\/booking2.jpg\" alt=\"Travellers Choice\" title=\"Travellers Choice\" \/><\/div><div class=\"cmsmasters_clients_item item\"><img src=\"https:\/\/businesslife-bakirkoy.com\/wp-content\/uploads\/2023\/08\/safe2.jpg\" alt=\"World Luxury Spa\" title=\"World Luxury Spa\" \/><\/div><div class=\"cmsmasters_clients_item item\"><a href=\"http:\/\/www.businesslifehotels.com\" target=\"_blank\"><img src=\"https:\/\/businesslife-bakirkoy.com\/wp-content\/uploads\/2023\/08\/bus-life-logo-trns.png\" alt=\"Hotel Design\" title=\"Hotel Design\" \/><\/a><\/div><div class=\"cmsmasters_clients_item item\"><a href=\"http:\/\/1tr.co\" target=\"_blank\"><img src=\"https:\/\/businesslife-bakirkoy.com\/wp-content\/uploads\/2023\/09\/aj-logo-sml.jpg\" alt=\"aj\" title=\"aj\" \/><\/a><\/div><\/div>\n<\/div>\n<\/div>\n<\/div><\/div>\n<\/div>\n<\/div>\n<\/div>\n<\/div>\n<\/div>\n<div id=\"cmsmasters_row_bo3jns7jt8\" class=\"cmsmasters_row cmsmasters_color_scheme_default cmsmasters_row_top_default cmsmasters_row_bot_default cmsmasters_row_boxed\">\n<div class=\"cmsmasters_row_outer_parent\">\n<div class=\"cmsmasters_row_outer\">\n<div class=\"cmsmasters_row_inner\">\n<div class=\"cmsmasters_row_margin\">\n<div id=\"cmsmasters_column_4e5kg1b1ud\" class=\"cmsmasters_column one_first\">\n<div class=\"cmsmasters_column_inner\"><\/div><\/div>\n<\/div>\n<\/div>\n<\/div>\n<\/div>\n<\/div>\n\n","protected":false},"excerpt":{"rendered":"","protected":false},"author":2,"featured_media":0,"parent":0,"menu_order":0,"comment_status":"closed","ping_status":"closed","template":"","meta":{"footnotes":""},"_links":{"self":[{"href":"https:\/\/businesslife-bakirkoy.com\/index.php\/wp-json\/wp\/v2\/pages\/7366"}],"collection":[{"href":"https:\/\/businesslife-bakirkoy.com\/index.php\/wp-json\/wp\/v2\/pages"}],"about":[{"href":"https:\/\/businesslife-bakirkoy.com\/index.php\/wp-json\/wp\/v2\/types\/page"}],"author":[{"embeddable":true,"href":"https:\/\/businesslife-bakirkoy.com\/index.php\/wp-json\/wp\/v2\/users\/2"}],"replies":[{"embeddable":true,"href":"https:\/\/businesslife-bakirkoy.com\/index.php\/wp-json\/wp\/v2\/comments?post=7366"}],"version-history":[{"count":85,"href":"https:\/\/businesslife-bakirkoy.com\/index.php\/wp-json\/wp\/v2\/pages\/7366\/revisions"}],"predecessor-version":[{"id":15196,"href":"https:\/\/businesslife-bakirkoy.com\/index.php\/wp-json\/wp\/v2\/pages\/7366\/revisions\/15196"}],"wp:attachment":[{"href":"https:\/\/businesslife-bakirkoy.com\/index.php\/wp-json\/wp\/v2\/media?parent=7366"}],"curies":[{"name":"wp","href":"https:\/\/api.w.org\/{rel}","templated":true}]}}