{"id":529,"date":"2015-04-20T11:50:56","date_gmt":"2015-04-20T11:50:56","guid":{"rendered":"http:\/\/welfare.cmsmasters.net\/?page_id=529"},"modified":"2023-10-11T12:11:32","modified_gmt":"2023-10-11T09:11:32","slug":"spa","status":"publish","type":"page","link":"https:\/\/businesslife-bakirkoy.com\/index.php\/spa\/","title":{"rendered":"SPA &#038; MASAJ"},"content":{"rendered":"<div id=\"cmsmasters_row_kc902vkts\" class=\"cmsmasters_row cmsmasters_color_scheme_default cmsmasters_row_top_default cmsmasters_row_bot_default cmsmasters_row_boxed\">\n<div class=\"cmsmasters_row_outer_parent\">\n<div class=\"cmsmasters_row_outer\">\n<div class=\"cmsmasters_row_inner\">\n<div class=\"cmsmasters_row_margin\">\n<div id=\"cmsmasters_column_7h7iy4q9i\" class=\"cmsmasters_column one_first\">\n<div class=\"cmsmasters_column_inner\"><\/div><\/div>\n<\/div>\n<\/div>\n<\/div>\n<\/div>\n<\/div>\n<div id=\"cmsmasters_row_qx9kyzvhi5\" class=\"cmsmasters_row cmsmasters_color_scheme_default cmsmasters_row_top_default cmsmasters_row_bot_default cmsmasters_row_boxed\">\n<div class=\"cmsmasters_row_outer_parent\">\n<div class=\"cmsmasters_row_outer\">\n<div class=\"cmsmasters_row_inner\">\n<div class=\"cmsmasters_row_margin\">\n<div id=\"cmsmasters_column_0knppihexo\" class=\"cmsmasters_column one_first\">\n<div class=\"cmsmasters_column_inner\"><\/div><\/div>\n<\/div>\n<\/div>\n<\/div>\n<\/div>\n<\/div>\n<div id=\"cmsmasters_row_6f921e35a6\" class=\"cmsmasters_row cmsmasters_color_scheme_default cmsmasters_row_top_default cmsmasters_row_bot_default cmsmasters_row_boxed\">\n<div class=\"cmsmasters_row_outer_parent\">\n<div class=\"cmsmasters_row_outer\">\n<div class=\"cmsmasters_row_inner\">\n<div class=\"cmsmasters_row_margin\">\n<div id=\"cmsmasters_column_d7f6a5bc76\" class=\"cmsmasters_column one_first\">\n<div class=\"cmsmasters_column_inner\"><div class=\"aligncenter\"><div class=\"cmsmasters_img  cmsmasters_image_c\" data-animation=\"bounceInDown\" data-delay=\"800\"><img src=\"https:\/\/businesslife-bakirkoy.com\/wp-content\/uploads\/2023\/08\/spa4-1160x700.jpg\" \/><\/div><\/div>\n<\/div><\/div>\n<\/div>\n<\/div>\n<\/div>\n<\/div>\n<\/div>\n<div id=\"cmsmasters_row_7bfee17003\" class=\"cmsmasters_row cmsmasters_color_scheme_default cmsmasters_row_top_default cmsmasters_row_bot_default cmsmasters_row_boxed\">\n<div class=\"cmsmasters_row_outer_parent\">\n<div class=\"cmsmasters_row_outer\">\n<div class=\"cmsmasters_row_inner\">\n<div class=\"cmsmasters_row_margin\">\n<div id=\"cmsmasters_column_80aaa51830\" class=\"cmsmasters_column one_fourth\">\n<div class=\"cmsmasters_column_inner\"><div class=\"cmsmasters_text\">\n<p>Espa Spa merkezi, yo\u011fun kent ya\u015fam\u0131 ve i\u015f yorgunlu\u011funuzu tamamen unutturacak \u015f\u0131k konformist detaylar ve uzman \u00e7al\u0131\u015fanlar\u0131 ile hizmetinizdedir.<\/p>\n<\/div>\n<div class=\"cmsmasters_img  cmsmasters_image_n\" data-animation=\"flipInX\" data-delay=\"500\"><img src=\"https:\/\/businesslife-bakirkoy.com\/wp-content\/uploads\/2023\/08\/WhatsApp-Image-2023-08-15-at-12.43.27-860x500.jpeg\" \/><\/div>\n<\/div><\/div>\n<div id=\"cmsmasters_column_f04dcaf3a7\" class=\"cmsmasters_column one_fourth\">\n<div class=\"cmsmasters_column_inner\"><div class=\"cmsmasters_text\">\n<p>Rahatlat\u0131c\u0131 masaj odalar\u0131nda dilerseniz d\u00fcnya masajlar\u0131ndan keyfinize en uygun olan\u0131 se\u00e7erek tazelenebilir ve aktif bir g\u00fcne yeniden haz\u0131rlanabilirsiniz.<\/p>\n<\/div>\n<div class=\"cmsmasters_img  cmsmasters_image_n\" data-animation=\"bounceInLeft\" data-delay=\"600\"><img src=\"https:\/\/businesslife-bakirkoy.com\/wp-content\/uploads\/2023\/08\/WhatsApp-Image-2023-08-15-at-12.43.27-1-860x500.jpeg\" \/><\/div>\n<\/div><\/div>\n<div id=\"cmsmasters_column_6a75651199\" class=\"cmsmasters_column one_fourth\">\n<div class=\"cmsmasters_column_inner\"><div class=\"cmsmasters_text\">\n<p>Sauna ve T\u00fcrk Hamam\u0131 keyfide ayr\u0131ca Espa Spa merkezimizin misafirlerine 15 dakikal\u0131k \u00fccretsiz sundu\u011fu hizmetlerimiz aras\u0131nda yer almaktad\u0131r.\u201d<\/p>\n<\/div>\n<div class=\"cmsmasters_img  cmsmasters_image_n\" data-animation=\"fadeInRightBig\" data-delay=\"700\"><img src=\"https:\/\/businesslife-bakirkoy.com\/wp-content\/uploads\/2023\/08\/WhatsApp-Image-2023-08-15-at-12.43.28-860x500.jpeg\" \/><\/div>\n<\/div><\/div>\n<div id=\"cmsmasters_column_149d39cac9\" class=\"cmsmasters_column one_fourth\">\n<div class=\"cmsmasters_column_inner\"><div class=\"cmsmasters_text\">\n<p>Business Life Hotel Bak\u0131rk\u00f6y Espa Spa Merkezimizde ,<br \/>\nBeden ve ruh zindeli\u011fini bir arada ya\u015fayabilece\u011finiz daha pek \u00e7ok olanak sizleri bekliyor.<\/p>\n<\/div>\n<div class=\"cmsmasters_img  cmsmasters_image_n\" data-animation=\"wobble\" data-delay=\"800\"><img src=\"https:\/\/businesslife-bakirkoy.com\/wp-content\/uploads\/2023\/08\/SPA1b-580x361.jpg\" \/><\/div>\n<\/div><\/div>\n<\/div>\n<\/div>\n<\/div>\n<\/div>\n<\/div>\n<div id=\"cmsmasters_row_6qkn55hq6v\" class=\"cmsmasters_row cmsmasters_color_scheme_default cmsmasters_row_top_default cmsmasters_row_bot_default cmsmasters_row_boxed\">\n<div class=\"cmsmasters_row_outer_parent\">\n<div class=\"cmsmasters_row_outer\">\n<div class=\"cmsmasters_row_inner\">\n<div class=\"cmsmasters_row_margin\">\n<div id=\"cmsmasters_column_1ojppgl7dn\" class=\"cmsmasters_column one_half\">\n<div class=\"cmsmasters_column_inner\"><div class=\"cmsmasters_text\">\n<p style=\"font-weight: 400; text-align: center;\">T\u00fcrk Hamam\u0131<\/p>\n<p style=\"font-weight: 400; text-align: center;\">Giyinme Odas\u0131<\/p>\n<p style=\"font-weight: 400; text-align: center;\">Dinlenme Alanlar\u0131<\/p>\n<p style=\"font-weight: 400; text-align: center;\">Masaj Odalar\u0131<\/p>\n<p style=\"font-weight: 400; text-align: center;\">Du\u015f<\/p>\n<p style=\"font-weight: 400; text-align: center;\">Sauna<\/p>\n<p style=\"font-weight: 400; text-align: center;\">Buhar Odas\u0131<\/p>\n<\/div>\n<\/div><\/div>\n<div id=\"cmsmasters_column_snetcirh2k\" class=\"cmsmasters_column one_half\">\n<div class=\"cmsmasters_column_inner\"><div class=\"cmsmasters_img  cmsmasters_image_n\"><img src=\"https:\/\/businesslife-bakirkoy.com\/wp-content\/uploads\/2023\/08\/slider-31-1160x700.jpg\" \/><\/div>\n<\/div><\/div>\n<\/div>\n<\/div>\n<\/div>\n<\/div>\n<\/div>\n<div id=\"cmsmasters_row_5jledf8st4\" class=\"cmsmasters_row cmsmasters_color_scheme_default cmsmasters_row_top_default cmsmasters_row_bot_default cmsmasters_row_boxed\">\n<div class=\"cmsmasters_row_outer_parent\">\n<div class=\"cmsmasters_row_outer\">\n<div class=\"cmsmasters_row_inner\">\n<div class=\"cmsmasters_row_margin\">\n<div id=\"cmsmasters_column_7v4hwjwndj\" class=\"cmsmasters_column one_first\">\n<div class=\"cmsmasters_column_inner\"><\/div><\/div>\n<\/div>\n<\/div>\n<\/div>\n<\/div>\n<\/div>\n\n","protected":false},"excerpt":{"rendered":"","protected":false},"author":2,"featured_media":0,"parent":0,"menu_order":0,"comment_status":"closed","ping_status":"closed","template":"","meta":{"footnotes":""},"_links":{"self":[{"href":"https:\/\/businesslife-bakirkoy.com\/index.php\/wp-json\/wp\/v2\/pages\/529"}],"collection":[{"href":"https:\/\/businesslife-bakirkoy.com\/index.php\/wp-json\/wp\/v2\/pages"}],"about":[{"href":"https:\/\/businesslife-bakirkoy.com\/index.php\/wp-json\/wp\/v2\/types\/page"}],"author":[{"embeddable":true,"href":"https:\/\/businesslife-bakirkoy.com\/index.php\/wp-json\/wp\/v2\/users\/2"}],"replies":[{"embeddable":true,"href":"https:\/\/businesslife-bakirkoy.com\/index.php\/wp-json\/wp\/v2\/comments?post=529"}],"version-history":[{"count":13,"href":"https:\/\/businesslife-bakirkoy.com\/index.php\/wp-json\/wp\/v2\/pages\/529\/revisions"}],"predecessor-version":[{"id":15183,"href":"https:\/\/businesslife-bakirkoy.com\/index.php\/wp-json\/wp\/v2\/pages\/529\/revisions\/15183"}],"wp:attachment":[{"href":"https:\/\/businesslife-bakirkoy.com\/index.php\/wp-json\/wp\/v2\/media?parent=529"}],"curies":[{"name":"wp","href":"https:\/\/api.w.org\/{rel}","templated":true}]}}