{"id":270,"date":"2015-04-16T11:05:18","date_gmt":"2015-04-16T11:05:18","guid":{"rendered":"http:\/\/welfare.cmsmasters.net\/?page_id=270"},"modified":"2023-09-23T18:41:19","modified_gmt":"2023-09-23T15:41:19","slug":"lokasyon","status":"publish","type":"page","link":"https:\/\/businesslife-bakirkoy.com\/index.php\/lokasyon\/","title":{"rendered":"Lokasyon"},"content":{"rendered":"<div id=\"cmsmasters_row_de2af98839\" class=\"cmsmasters_row cmsmasters_color_scheme_default cmsmasters_row_top_default cmsmasters_row_bot_default cmsmasters_row_boxed\">\n<div class=\"cmsmasters_row_outer_parent\">\n<div class=\"cmsmasters_row_outer\">\n<div class=\"cmsmasters_row_inner\">\n<div class=\"cmsmasters_row_margin\">\n<div id=\"cmsmasters_column_87d196b1f0\" class=\"cmsmasters_column one_first\">\n<div class=\"cmsmasters_column_inner\"><div class=\"cmsmasters_text\">\n<p style=\"font-weight: 400;\">\u201c\u0130stanbul\u2019un en se\u00e7kin ve hareketli semtlerinden biri olan Bak\u0131rk\u00f6y\u2019 de hizmete giren Business Life Hotel modern \u015fehrin kalbinde konumlanm\u0131\u015f i\u015f d\u00fcnyas\u0131n\u0131n merkezinde<br \/>\nyer alan, al\u0131\u015fveri\u015f merkezlerine yak\u0131n mesafede \u00f6zel tasar\u0131m bir \u015fehir oteli olarak yeni bir soluk getirmektedir.<\/p>\n<p style=\"font-weight: 400;\">Otelimiz \u0130stanbul Havaliman\u0131&#8217;na 40 km, Sabiha G\u00f6k\u00e7en Havaliman\u0131&#8217;na 45 km uzakl\u0131ktad\u0131r. Bak\u0131rk\u00f6y Vapur \u0130skelesi otele 1 km , Marmaray Yenimahalle hatt\u0131na 300 metre uzakl\u0131ktad\u0131r.\u201d<\/p>\n<\/div>\n<\/div><\/div>\n<\/div>\n<\/div>\n<\/div>\n<\/div>\n<\/div>\n<div id=\"cmsmasters_row_c10a923d2a\" class=\"cmsmasters_row cmsmasters_color_scheme_default cmsmasters_row_top_default cmsmasters_row_bot_default cmsmasters_row_boxed\">\n<div class=\"cmsmasters_row_outer_parent\">\n<div class=\"cmsmasters_row_outer\">\n<div class=\"cmsmasters_row_inner\">\n<div class=\"cmsmasters_row_margin\">\n<div id=\"cmsmasters_column_f9ba81ddfe\" class=\"cmsmasters_column one_first\">\n<div class=\"cmsmasters_column_inner\">\n<div id=\"cmsmasters_divider_fb68c9be6d\" class=\"cmsmasters_divider cmsmasters_divider_width_long cmsmasters_divider_pos_center\"><\/div>\n<\/div><\/div>\n<\/div>\n<\/div>\n<\/div>\n<\/div>\n<\/div>\n<div id=\"cmsmasters_row_15c4e7ce1a\" class=\"cmsmasters_row cmsmasters_color_scheme_default cmsmasters_row_top_default cmsmasters_row_bot_default cmsmasters_row_boxed\">\n<div class=\"cmsmasters_row_outer_parent\">\n<div class=\"cmsmasters_row_outer\">\n<div class=\"cmsmasters_row_inner\">\n<div class=\"cmsmasters_row_margin\">\n<div id=\"cmsmasters_column_952a8fe86e\" class=\"cmsmasters_column one_third\">\n<div class=\"cmsmasters_column_inner\"><div id=\"cmsmasters_heading_imq389ftrk\" class=\"cmsmasters_heading_wrap cmsmasters_heading_align_center\">\n\t<h2 class=\"cmsmasters_heading\">IDO<\/h2>\n<\/div><div class=\"cmsmasters_img  cmsmasters_image_n\"><a href=\"https:\/\/www.ido.com.tr\/\" target=\"_blank\"><img src=\"https:\/\/businesslife-bakirkoy.com\/wp-content\/uploads\/2023\/08\/ido-580x420.jpg\" \/><\/a><\/div>\n<\/div><\/div>\n<div id=\"cmsmasters_column_ghhmssqai8\" class=\"cmsmasters_column one_third\">\n<div class=\"cmsmasters_column_inner\"><div id=\"cmsmasters_heading_elw9qs72c\" class=\"cmsmasters_heading_wrap cmsmasters_heading_align_center\">\n\t<h2 class=\"cmsmasters_heading\">Metro Hatlar\u0131<\/h2>\n<\/div><div class=\"cmsmasters_img  cmsmasters_image_n\"><a href=\"https:\/\/www.metro.istanbul\/\" target=\"_blank\"><img src=\"https:\/\/businesslife-bakirkoy.com\/wp-content\/uploads\/2023\/08\/istanbul-ulasim-buyuk-ag-haritasi-2023-580x420.jpg\" \/><\/a><\/div>\n<\/div><\/div>\n<div id=\"cmsmasters_column_pnrrt2d57k\" class=\"cmsmasters_column one_third\">\n<div class=\"cmsmasters_column_inner\"><div id=\"cmsmasters_heading_8qp6vx7uyc\" class=\"cmsmasters_heading_wrap cmsmasters_heading_align_center\">\n\t<h2 class=\"cmsmasters_heading\">Marmaray<\/h2>\n<\/div><div class=\"cmsmasters_img  cmsmasters_image_n\"><a href=\"https:\/\/www.tcddtasimacilik.gov.tr\/marmaray\/tr\/gunluk_tren_saatleri\" target=\"_blank\"><img src=\"https:\/\/businesslife-bakirkoy.com\/wp-content\/uploads\/2023\/08\/Marmaray-haritasi-scaled-1-580x420.jpg\" \/><\/a><\/div>\n<\/div><\/div>\n<\/div>\n<\/div>\n<\/div>\n<\/div>\n<\/div>\n<div id=\"cmsmasters_row_e0hxxs0atp\" class=\"cmsmasters_row cmsmasters_color_scheme_default cmsmasters_row_top_default cmsmasters_row_bot_default cmsmasters_row_boxed\">\n<div class=\"cmsmasters_row_outer_parent\">\n<div class=\"cmsmasters_row_outer\">\n<div class=\"cmsmasters_row_inner\">\n<div class=\"cmsmasters_row_margin\">\n<div id=\"cmsmasters_column_4o79s2t89k\" class=\"cmsmasters_column one_first\">\n<div class=\"cmsmasters_column_inner\"><\/div><\/div>\n<\/div>\n<\/div>\n<\/div>\n<\/div>\n<\/div>\n<div id=\"cmsmasters_row_46u2xsr3s\" class=\"cmsmasters_row cmsmasters_color_scheme_default cmsmasters_row_top_default cmsmasters_row_bot_default cmsmasters_row_boxed\">\n<div class=\"cmsmasters_row_outer_parent\">\n<div class=\"cmsmasters_row_outer\">\n<div class=\"cmsmasters_row_inner\">\n<div class=\"cmsmasters_row_margin\">\n<div id=\"cmsmasters_column_b03hz948n4\" class=\"cmsmasters_column one_first\">\n<div class=\"cmsmasters_column_inner\"><\/div><\/div>\n<\/div>\n<\/div>\n<\/div>\n<\/div>\n<\/div>\n\n","protected":false},"excerpt":{"rendered":"","protected":false},"author":2,"featured_media":0,"parent":0,"menu_order":0,"comment_status":"closed","ping_status":"open","template":"","meta":{"footnotes":""},"_links":{"self":[{"href":"https:\/\/businesslife-bakirkoy.com\/index.php\/wp-json\/wp\/v2\/pages\/270"}],"collection":[{"href":"https:\/\/businesslife-bakirkoy.com\/index.php\/wp-json\/wp\/v2\/pages"}],"about":[{"href":"https:\/\/businesslife-bakirkoy.com\/index.php\/wp-json\/wp\/v2\/types\/page"}],"author":[{"embeddable":true,"href":"https:\/\/businesslife-bakirkoy.com\/index.php\/wp-json\/wp\/v2\/users\/2"}],"replies":[{"embeddable":true,"href":"https:\/\/businesslife-bakirkoy.com\/index.php\/wp-json\/wp\/v2\/comments?post=270"}],"version-history":[{"count":11,"href":"https:\/\/businesslife-bakirkoy.com\/index.php\/wp-json\/wp\/v2\/pages\/270\/revisions"}],"predecessor-version":[{"id":15162,"href":"https:\/\/businesslife-bakirkoy.com\/index.php\/wp-json\/wp\/v2\/pages\/270\/revisions\/15162"}],"wp:attachment":[{"href":"https:\/\/businesslife-bakirkoy.com\/index.php\/wp-json\/wp\/v2\/media?parent=270"}],"curies":[{"name":"wp","href":"https:\/\/api.w.org\/{rel}","templated":true}]}}